{"id":65,"date":"2025-12-03T19:46:03","date_gmt":"2025-12-03T19:46:03","guid":{"rendered":"https:\/\/escenciaybrillo.store\/?page_id=65"},"modified":"2025-12-04T04:04:53","modified_gmt":"2025-12-04T04:04:53","slug":"informacion-corporativa","status":"publish","type":"page","link":"https:\/\/escenciaybrillo.store\/?page_id=65","title":{"rendered":"Informaci\u00f3n Corporativa"},"content":{"rendered":"\n<p>Nombre de la empresa: Escencia y brillo<\/p>\n\n\n\n<p>Datos de contacto: <\/p>\n\n\n\n<p>-Correo: josselyn2007c@gmail.com <\/p>\n\n\n\n<p>-WhatsApp: 5522962590 <\/p>\n\n\n\n<p>&#8211; Ubicaci\u00f3n: M\u00e9xico <\/p>\n\n\n\n<p>-Horarios de atenci\u00f3n: Lunes a viernes de 9:00 am-6:00 pm<\/p>\n\n\n\n<p>Descripci\u00f3n de la empresa: Escencia y brillo es una empresa que revende maquillaje de muy buena calidad y a precios accesibles. Nuestro objetivo es acercarte productos confiables. Esta empresa esta empresa va dirigida a todas las personas en general.<\/p>\n\n\n\n<p>Historia: La tienda nac\u00ed\u00f3 con la idea de ofrecer maquillaje accesible, confiable y bonito para todas las personas que amen cuidarse y verse bien. Comenzamos con un peque\u00f1o emprendimiento pero d\u00eda a d\u00eda nos esforzamos por crecer.<\/p>\n\n\n\n<p>Misi\u00f3n: Brindar productos de maquillaje de calidad, a precios accesibles y confiables para nuestros clientes.<\/p>\n\n\n\n<p>Visi\u00f3n: Ser una tienda reconocida a nivel nacional por ofrecer los mejores productos de maquillaje con atenci\u00f3n personalizada y env\u00edos r\u00e1pidos.<\/p>\n\n\n\n<p>Valores: Honestidad, calidad, responsabilidad, confianza<\/p>\n\n\n\n<p>Pol\u00edticas B\u00e1sicas:<\/p>\n\n\n\n<p>Env\u00edos: A todo el municipio de Tequixquiac. Y el tiempo de antrega es de 2 a 7 d\u00edas habiles.<\/p>\n\n\n\n<p>Devoluciones: Solo aplica por productos defectuosos o da\u00f1ados en el env\u00edo. El cliente debe reportarlo dentro de las primeras 24 hrs tras recibirlo.<\/p>\n\n\n\n<p>Pagos: Los pagos se realizan de manera electronica.<\/p>\n\n\n\n<p>Aviso de Privacidad:<\/p>\n\n\n\n<p>Tus datos personales (nombre, tel\u00e9fono, direcci\u00f3n y correo) ser\u00e1n usados \u00fanicamenente para procesar compras y env\u00edos. No se comparten con terceros y est\u00e1n protegidos conforme a la ley Mexicana<\/p>\n","protected":false},"excerpt":{"rendered":"<p>Nombre de la empresa: Escencia y brillo Datos de contacto: -Correo: josselyn2007c@gmail.com -WhatsApp: 5522962590 &#8211; Ubicaci\u00f3n: M\u00e9xico -Horarios de atenci\u00f3n: [&hellip;]<\/p>\n","protected":false},"author":1,"featured_media":0,"parent":0,"menu_order":0,"comment_status":"closed","ping_status":"closed","template":"","meta":{"_uag_custom_page_level_css":"","site-sidebar-layout":"default","site-content-layout":"","ast-site-content-layout":"default","site-content-style":"default","site-sidebar-style":"default","ast-global-header-display":"","ast-banner-title-visibility":"","ast-main-header-display":"","ast-hfb-above-header-display":"","ast-hfb-below-header-display":"","ast-hfb-mobile-header-display":"","site-post-title":"","ast-breadcrumbs-content":"","ast-featured-img":"","footer-sml-layout":"","theme-transparent-header-meta":"","adv-header-id-meta":"","stick-header-meta":"","header-above-stick-meta":"","header-main-stick-meta":"","header-below-stick-meta":"","astra-migrate-meta-layouts":"default","ast-page-background-enabled":"default","ast-page-background-meta":{"desktop":{"background-color":"var(--ast-global-color-5)","background-image":"","background-repeat":"repeat","background-position":"center center","background-size":"auto","background-attachment":"scroll","background-type":"","background-media":"","overlay-type":"","overlay-color":"","overlay-opacity":"","overlay-gradient":""},"tablet":{"background-color":"","background-image":"","background-repeat":"repeat","background-position":"center center","background-size":"auto","background-attachment":"scroll","background-type":"","background-media":"","overlay-type":"","overlay-color":"","overlay-opacity":"","overlay-gradient":""},"mobile":{"background-color":"","background-image":"","background-repeat":"repeat","background-position":"center center","background-size":"auto","background-attachment":"scroll","background-type":"","background-media":"","overlay-type":"","overlay-color":"","overlay-opacity":"","overlay-gradient":""}},"ast-content-background-meta":{"desktop":{"background-color":"var(--ast-global-color-4)","background-image":"","background-repeat":"repeat","background-position":"center center","background-size":"auto","background-attachment":"scroll","background-type":"","background-media":"","overlay-type":"","overlay-color":"","overlay-opacity":"","overlay-gradient":""},"tablet":{"background-color":"var(--ast-global-color-4)","background-image":"","background-repeat":"repeat","background-position":"center center","background-size":"auto","background-attachment":"scroll","background-type":"","background-media":"","overlay-type":"","overlay-color":"","overlay-opacity":"","overlay-gradient":""},"mobile":{"background-color":"var(--ast-global-color-4)","background-image":"","background-repeat":"repeat","background-position":"center center","background-size":"auto","background-attachment":"scroll","background-type":"","background-media":"","overlay-type":"","overlay-color":"","overlay-opacity":"","overlay-gradient":""}},"footnotes":""},"class_list":["post-65","page","type-page","status-publish","hentry"],"aioseo_notices":[],"_hostinger_reach_plugin_has_subscription_block":false,"_hostinger_reach_plugin_is_elementor":false,"uagb_featured_image_src":{"full":false,"thumbnail":false,"medium":false,"medium_large":false,"large":false,"1536x1536":false,"2048x2048":false,"woocommerce_thumbnail":false,"woocommerce_single":false,"woocommerce_gallery_thumbnail":false},"uagb_author_info":{"display_name":"josselyn2007c@gmail.com","author_link":"https:\/\/escenciaybrillo.store\/?author=1"},"uagb_comment_info":0,"uagb_excerpt":"Nombre de la empresa: Escencia y brillo Datos de contacto: -Correo: josselyn2007c@gmail.com -WhatsApp: 5522962590 &#8211; Ubicaci\u00f3n: M\u00e9xico -Horarios de atenci\u00f3n: [&hellip;]","_links":{"self":[{"href":"https:\/\/escenciaybrillo.store\/index.php?rest_route=\/wp\/v2\/pages\/65","targetHints":{"allow":["GET"]}}],"collection":[{"href":"https:\/\/escenciaybrillo.store\/index.php?rest_route=\/wp\/v2\/pages"}],"about":[{"href":"https:\/\/escenciaybrillo.store\/index.php?rest_route=\/wp\/v2\/types\/page"}],"author":[{"embeddable":true,"href":"https:\/\/escenciaybrillo.store\/index.php?rest_route=\/wp\/v2\/users\/1"}],"replies":[{"embeddable":true,"href":"https:\/\/escenciaybrillo.store\/index.php?rest_route=%2Fwp%2Fv2%2Fcomments&post=65"}],"version-history":[{"count":2,"href":"https:\/\/escenciaybrillo.store\/index.php?rest_route=\/wp\/v2\/pages\/65\/revisions"}],"predecessor-version":[{"id":83,"href":"https:\/\/escenciaybrillo.store\/index.php?rest_route=\/wp\/v2\/pages\/65\/revisions\/83"}],"wp:attachment":[{"href":"https:\/\/escenciaybrillo.store\/index.php?rest_route=%2Fwp%2Fv2%2Fmedia&parent=65"}],"curies":[{"name":"wp","href":"https:\/\/api.w.org\/{rel}","templated":true}]}}